{"id":40,"date":"2020-07-23T07:28:40","date_gmt":"2020-07-23T07:28:40","guid":{"rendered":"http:\/\/odontologia.mktmedico.com.ar\/?page_id=40"},"modified":"2022-01-02T18:55:22","modified_gmt":"2022-01-02T18:55:22","slug":"acerca-de","status":"publish","type":"page","link":"https:\/\/odontologia.mktmedico.com.ar\/?page_id=40","title":{"rendered":"Acerca de"},"content":{"rendered":"<p>[et_pb_section fb_built=\u00bb1&#8243; _builder_version=\u00bb4.5.1&#8243; _module_preset=\u00bbdefault\u00bb use_background_color_gradient=\u00bbon\u00bb background_color_gradient_start=\u00bbrgba(0,116,188,0.85)\u00bb background_color_gradient_end=\u00bbrgba(0,116,188,0.85)\u00bb background_color_gradient_overlays_image=\u00bbon\u00bb background_image=\u00bbhttps:\/\/odontologia.mktmedico.com.ar\/wp-content\/uploads\/2020\/07\/banner-web.jpg\u00bb custom_padding=\u00bb60px||60px||true|false\u00bb global_module=\u00bb229852&#8243; saved_tabs=\u00bball\u00bb locked=\u00bboff\u00bb][et_pb_row column_structure=\u00bb3_5,2_5&#8243; _builder_version=\u00bb4.5.1&#8243; _module_preset=\u00bbdefault\u00bb][et_pb_column type=\u00bb3_5&#8243; _builder_version=\u00bb4.5.1&#8243; _module_preset=\u00bbdefault\u00bb][et_pb_text _builder_version=\u00bb4.5.1&#8243; _dynamic_attributes=\u00bbcontent\u00bb _module_preset=\u00bbdefault\u00bb text_font_size=\u00bb40px\u00bb header_3_text_color=\u00bb#ffffff\u00bb header_3_font_size=\u00bb42px\u00bb header_3_letter_spacing=\u00bb1px\u00bb custom_margin=\u00bb||||false|false\u00bb custom_margin_tablet=\u00bb\u00bb custom_margin_phone=\u00bb||||false|false\u00bb custom_margin_last_edited=\u00bbon|phone\u00bb custom_padding=\u00bb8px||||false|false\u00bb custom_padding_tablet=\u00bb\u00bb custom_padding_phone=\u00bb||||false|false\u00bb custom_padding_last_edited=\u00bbon|desktop\u00bb hover_enabled=\u00bb0&#8243; header_3_text_align_tablet=\u00bb\u00bb header_3_text_align_phone=\u00bbcenter\u00bb header_3_text_align_last_edited=\u00bbon|phone\u00bb]@ET-DC@eyJkeW5hbWljIjp0cnVlLCJjb250ZW50IjoicG9zdF9saW5rIiwic2V0dGluZ3MiOnsiYmVmb3JlIjoiPGgzPiIsImFmdGVyIjoiPC9oMz4iLCJ0ZXh0IjoicG9zdF90aXRsZSIsImN1c3RvbV90ZXh0IjoiIn19@[\/et_pb_text][\/et_pb_column][et_pb_column type=\u00bb2_5&#8243; _builder_version=\u00bb4.5.1&#8243; _module_preset=\u00bbdefault\u00bb][et_pb_text _builder_version=\u00bb4.5.1&#8243; _dynamic_attributes=\u00bbcontent\u00bb _module_preset=\u00bbdefault\u00bb text_font=\u00bb||||||||\u00bb text_text_color=\u00bb#ffffff\u00bb text_letter_spacing=\u00bb1px\u00bb link_text_color=\u00bb#ffffff\u00bb text_orientation=\u00bbright\u00bb custom_margin=\u00bb18px||||false|false\u00bb custom_margin_tablet=\u00bb\u00bb custom_margin_phone=\u00bb0px||||false|false\u00bb custom_margin_last_edited=\u00bbon|phone\u00bb custom_padding_tablet=\u00bb\u00bb custom_padding_phone=\u00bb||||false|false\u00bb custom_padding_last_edited=\u00bbon|phone\u00bb text_orientation_tablet=\u00bb\u00bb text_orientation_phone=\u00bbcenter\u00bb text_orientation_last_edited=\u00bbon|phone\u00bb]@ET-DC@eyJkeW5hbWljIjp0cnVlLCJjb250ZW50IjoicG9zdF9saW5rIiwic2V0dGluZ3MiOnsiYmVmb3JlIjoiPGEgaHJlZj1cImh0dHA6Ly9taWNoZWxldHRpb2RvbnRvbG9naWEuY29tLmFyL1wiPkhvbWU8L2E+IC8gIiwiYWZ0ZXIiOiIiLCJ0ZXh0IjoicG9zdF90aXRsZSIsImN1c3RvbV90ZXh0IjoiIn19@[\/et_pb_text][\/et_pb_column][\/et_pb_row][\/et_pb_section][et_pb_section fb_built=\u00bb1&#8243; custom_padding_last_edited=\u00bbon|tablet\u00bb admin_label=\u00bbHeader\u00bb _builder_version=\u00bb4.4.0&#8243; custom_padding_tablet=\u00bb0px||||false|false\u00bb custom_padding_phone=\u00bb\u00bb][et_pb_row column_structure=\u00bb3_5,2_5&#8243; custom_padding_last_edited=\u00bbon|phone\u00bb _builder_version=\u00bb4.5.1&#8243; background_color=\u00bb#F2F2F2&#8243; use_background_color_gradient=\u00bbon\u00bb background_color_gradient_start=\u00bb#F2F2F2&#8243; background_color_gradient_end=\u00bb#ffffff\u00bb width=\u00bb90%\u00bb width_tablet=\u00bb100%\u00bb width_phone=\u00bb\u00bb width_last_edited=\u00bbon|phone\u00bb max_width=\u00bbnone\u00bb custom_padding=\u00bb80px||80px|80px|true|false\u00bb custom_padding_tablet=\u00bb40px|40px|40px|40px|true|true\u00bb custom_padding_phone=\u00bb|25px||25px|false|true\u00bb][et_pb_column type=\u00bb3_5&#8243; _builder_version=\u00bb4.4.0&#8243;][et_pb_text _builder_version=\u00bb4.5.1&#8243; text_line_height=\u00bb2em\u00bb header_font=\u00bbAbhaya Libre||||||||\u00bb header_font_size=\u00bb60px\u00bb text_font_size_tablet=\u00bb16px\u00bb text_font_size_phone=\u00bb15px\u00bb text_font_size_last_edited=\u00bbon|phone\u00bb header_font_tablet=\u00bb\u00bb header_font_phone=\u00bb\u00bb header_font_last_edited=\u00bbon|phone\u00bb header_font_size_tablet=\u00bb60px\u00bb header_font_size_phone=\u00bb36px\u00bb header_font_size_last_edited=\u00bbon|tablet\u00bb]<\/p>\n<h1>Haroldo Micheletti<\/h1>\n<p>Hace m\u00e1s de 30 a\u00f1os que me recib\u00ed de odont\u00f3logo en la UNR. Realic\u00e9 dos posgrados, uno en Periodoncia e Implantes y otro de Pr\u00f3tesis sobre implantes ambos por la Universidad del Salvador. Del \u00faltimo adem\u00e1s particip\u00e9 como docente por seis a\u00f1os. Esa experiencia fue muy notable porque me llev\u00f3 a comprender el balance que existe entre salud y belleza a la hora de realizar procedimientos odontol\u00f3gicos.<\/p>\n<p>Al poco tiempo de recibirme, en 1992, me fui a Barcelona donde puse mi propia cl\u00ednica. En los ocho a\u00f1os que estuve comprend\u00ed la importancia de trabajar con la \u00faltima tecnolog\u00eda para lograr resultados de excelencia junto con los pacientes.<\/p>\n<p>Desde hace varios a\u00f1os ejerzo la profesi\u00f3n en el centro de la ciudad de Rosario donde adopto como filosof\u00eda una dedicaci\u00f3n total a mis pacientes y todos los d\u00edas trato de lograr los mejores resultados tanto est\u00e9ticos como funcionales.<\/p>\n<p><strong><em>Los espero.<\/em><\/strong><\/p>\n<p>[\/et_pb_text][\/et_pb_column][et_pb_column type=\u00bb2_5&#8243; _builder_version=\u00bb3.27.3&#8243;][et_pb_image src=\u00bbhttps:\/\/odontologia.mktmedico.com.ar\/wp-content\/uploads\/2020\/07\/HAROLDO-129.jpg\u00bb title_text=\u00bbHAROLDO-129&#8243; _builder_version=\u00bb4.5.1&#8243; custom_margin=\u00bb|-5vw|||false|false\u00bb custom_margin_tablet=\u00bb|0vw|||false|false\u00bb custom_margin_phone=\u00bb||||false|false\u00bb custom_margin_last_edited=\u00bbon|tablet\u00bb scroll_vertical_motion_enable=\u00bbon\u00bb scroll_vertical_motion=\u00bb0|70|70|100|-0.8|0|1&#8243; border_width_all=\u00bb50px\u00bb border_color_all=\u00bb#ffffff\u00bb border_width_all_tablet=\u00bb40px\u00bb border_width_all_phone=\u00bb20px\u00bb border_width_all_last_edited=\u00bbon|phone\u00bb box_shadow_style=\u00bbpreset3&#8243; box_shadow_vertical=\u00bb25px\u00bb box_shadow_blur=\u00bb85px\u00bb box_shadow_spread=\u00bb-25px\u00bb box_shadow_color=\u00bbrgba(0,0,0,0.25)\u00bb locked=\u00bboff\u00bb][\/et_pb_image][\/et_pb_column][\/et_pb_row][\/et_pb_section]<\/p>\n","protected":false},"excerpt":{"rendered":"<p>Haroldo Micheletti Hace m\u00e1s de 30 a\u00f1os que me recib\u00ed de odont\u00f3logo en la UNR. Realic\u00e9 dos posgrados, uno en Periodoncia e Implantes y otro de Pr\u00f3tesis sobre implantes ambos por la Universidad del Salvador. Del \u00faltimo adem\u00e1s particip\u00e9 como docente por seis a\u00f1os. Esa experiencia fue muy notable porque me llev\u00f3 a comprender el [&hellip;]<\/p>\n","protected":false},"author":2,"featured_media":0,"parent":0,"menu_order":0,"comment_status":"closed","ping_status":"closed","template":"","meta":{"_et_pb_use_builder":"on","_et_pb_old_content":"<!-- wp:divi\/placeholder \/-->","_et_gb_content_width":"","footnotes":""},"class_list":["post-40","page","type-page","status-publish","hentry"],"_links":{"self":[{"href":"https:\/\/odontologia.mktmedico.com.ar\/index.php?rest_route=\/wp\/v2\/pages\/40","targetHints":{"allow":["GET"]}}],"collection":[{"href":"https:\/\/odontologia.mktmedico.com.ar\/index.php?rest_route=\/wp\/v2\/pages"}],"about":[{"href":"https:\/\/odontologia.mktmedico.com.ar\/index.php?rest_route=\/wp\/v2\/types\/page"}],"author":[{"embeddable":true,"href":"https:\/\/odontologia.mktmedico.com.ar\/index.php?rest_route=\/wp\/v2\/users\/2"}],"replies":[{"embeddable":true,"href":"https:\/\/odontologia.mktmedico.com.ar\/index.php?rest_route=%2Fwp%2Fv2%2Fcomments&post=40"}],"version-history":[{"count":21,"href":"https:\/\/odontologia.mktmedico.com.ar\/index.php?rest_route=\/wp\/v2\/pages\/40\/revisions"}],"predecessor-version":[{"id":230649,"href":"https:\/\/odontologia.mktmedico.com.ar\/index.php?rest_route=\/wp\/v2\/pages\/40\/revisions\/230649"}],"wp:attachment":[{"href":"https:\/\/odontologia.mktmedico.com.ar\/index.php?rest_route=%2Fwp%2Fv2%2Fmedia&parent=40"}],"curies":[{"name":"wp","href":"https:\/\/api.w.org\/{rel}","templated":true}]}}